{"id":705,"date":"2025-11-05T09:37:18","date_gmt":"2025-11-05T09:37:18","guid":{"rendered":"https:\/\/desatranquestrigocano.com\/?page_id=705"},"modified":"2025-11-24T09:24:39","modified_gmt":"2025-11-24T09:24:39","slug":"politica-de-privacidad-2","status":"publish","type":"page","link":"https:\/\/desatranquestrigocano.com\/en\/politica-de-privacidad-2\/","title":{"rendered":"Politica de privacidad"},"content":{"rendered":"<div data-elementor-type=\"wp-page\" data-elementor-id=\"705\" class=\"elementor elementor-705\">\n\t\t\t\t<div class=\"elementor-element elementor-element-81ff994 e-con-full e-flex e-con e-parent\" data-id=\"81ff994\" data-element_type=\"container\">\n\t\t\t\t<div class=\"elementor-element elementor-element-cde5c94 elementor-widget elementor-widget-heading\" data-id=\"cde5c94\" data-element_type=\"widget\" data-widget_type=\"heading.default\">\n\t\t\t\t\t<h2 class=\"elementor-heading-title elementor-size-default\">Privacy policy<\/h2>\t\t\t\t<\/div>\n\t\t\t\t<\/div>\n\t\t<div class=\"elementor-element elementor-element-7dedbb69 e-con-full e-flex e-con e-parent\" data-id=\"7dedbb69\" data-element_type=\"container\">\n\t\t\t\t<div class=\"elementor-element elementor-element-463a78ab elementor-widget elementor-widget-text-editor\" data-id=\"463a78ab\" data-element_type=\"widget\" data-widget_type=\"text-editor.default\">\n\t\t\t\t\t\t\t\t\t<p><\/p>\n<p>Bienvenido a https:\/\/desatranquestrigocano.com (el \u00abSitio\u00bb). Respetamos los derechos de propiedad intelectual de los dem\u00e1s del mismo modo que esperamos que los dem\u00e1s respeten nuestros derechos. De conformidad con la Ley de Derechos de Autor del Milenio Digital, T\u00edtulo 17 del C\u00f3digo de los Estados Unidos, Secci\u00f3n 512(c), un propietario de derechos de autor o su agente puede enviarnos una notificaci\u00f3n de retirada a trav\u00e9s de nuestro Agente DMCA que se indica a continuaci\u00f3n. Como proveedor de servicios de Internet, tenemos derecho a reclamar inmunidad frente a dichas reclamaciones por infracci\u00f3n en virtud de las disposiciones de \u00abpuerto seguro\u00bb de la DMCA. Para presentarnos una reclamaci\u00f3n por infracci\u00f3n de buena fe, debe enviarnos la notificaci\u00f3n con la siguiente informaci\u00f3n:<\/p>\n<p><\/p>\n<p><strong>Notificaci\u00f3n de infracci\u00f3n &#8211; Reclamaci\u00f3n<\/strong><\/p>\n<p><\/p>\n<ol class=\"wp-block-list\">\n<li>Una firma f\u00edsica o electr\u00f3nica del titular de los derechos de autor (o de alguien autorizado para actuar en nombre del titular);<\/li>\n<li>Identificaci\u00f3n de la obra protegida por derechos de autor cuya infracci\u00f3n se alega;<\/li>\n<li>Identificaci\u00f3n del material infractor que debe retirarse, e informaci\u00f3n razonablemente suficiente para permitir al proveedor de servicios localizar el material.&nbsp;<\/li>\n<li>Informaci\u00f3n razonablemente suficiente para permitir al proveedor de servicios ponerse en contacto con la parte reclamante, incluido su nombre, direcci\u00f3n f\u00edsica, direcci\u00f3n de correo electr\u00f3nico, n\u00famero de tel\u00e9fono y n\u00famero de fax;<\/li>\n<li>Una declaraci\u00f3n de que la parte reclamante cree de buena fe que el uso del material no est\u00e1 autorizado por el agente de derechos de autor; y<\/li>\n<li>Una declaraci\u00f3n de que la informaci\u00f3n contenida en la notificaci\u00f3n es exacta y, bajo pena de perjurio, que la parte reclamante est\u00e1 autorizada a actuar en nombre del titular de los derechos de autor.<\/li>\n<\/ol>\n<p><\/p>\n<p>El t\u00edtulo 17 USC \u00a7512(f) establece sanciones civiles por da\u00f1os y perjuicios, incluidas las costas y los honorarios de abogados, contra cualquier persona que, a sabiendas y de forma material, tergiverse determinada informaci\u00f3n en una notificaci\u00f3n de infracci\u00f3n en virtud del t\u00edtulo 17 USC \u00a7512(c)(3).<\/p>\n<p><\/p>\n<p>Env\u00ede todos los avisos de retirada a trav\u00e9s de nuestra p\u00e1gina de Contacto. Por favor, env\u00edelo por correo electr\u00f3nico para una pronta atenci\u00f3n.<\/p>\n<p><\/p>\n<p>Tenga en cuenta que podemos compartir la identidad y la informaci\u00f3n de cualquier reclamaci\u00f3n por infracci\u00f3n de derechos de autor que recibamos con el presunto infractor. Al enviar una reclamaci\u00f3n, usted entiende, acepta y est\u00e1 de acuerdo en que su identidad y reclamaci\u00f3n puedan ser comunicadas al presunto infractor.<\/p>\n<p><\/p>\n<p><strong>Contranotificaci\u00f3n &#8211; Restauraci\u00f3n de material<\/strong><\/p>\n<p><\/p>\n<p>Si ha recibido una notificaci\u00f3n de retirada de material debido a una reclamaci\u00f3n por infracci\u00f3n de derechos de autor, puede enviarnos una contranotificaci\u00f3n para que el material en cuesti\u00f3n vuelva al sitio. Dicha notificaci\u00f3n debe enviarse por escrito a nuestro agente de la DMCA y debe contener sustancialmente los siguientes elementos, de conformidad con la secci\u00f3n 512(g)(3) del 17 USC:<\/p>\n<p><\/p>\n<ol class=\"wp-block-list\">\n<li>Su firma f\u00edsica o electr\u00f3nica.<\/li>\n<li>Una descripci\u00f3n del material que se ha retirado y la ubicaci\u00f3n original del material antes de ser retirado.<\/li>\n<li>Una declaraci\u00f3n bajo pena de perjurio de que usted cree de buena fe que el material fue retirado o inutilizado como resultado de un error o una identificaci\u00f3n err\u00f3nea del material que debe ser retirado o inutilizado.<\/li>\n<li>Su nombre, direcci\u00f3n y n\u00famero de tel\u00e9fono, y una declaraci\u00f3n de que acepta la jurisdicci\u00f3n del tribunal federal del distrito judicial en el que se encuentra la direcci\u00f3n (o si se encuentra fuera de Estados Unidos, que acepta la jurisdicci\u00f3n de cualquier distrito judicial en el que pueda encontrarse el proveedor de servicios) y que aceptar\u00e1 la notificaci\u00f3n de la persona o empresa que proporcion\u00f3 la notificaci\u00f3n original de infracci\u00f3n.<\/li>\n<li>Env\u00ede su contraaviso a trav\u00e9s de nuestra p\u00e1gina de Contacto. Se recomienda encarecidamente el correo electr\u00f3nico.<\/li>\n<\/ol>\n<p><\/p>\n<p><strong>Pol\u00edtica de infractores reincidentes<\/strong><\/p>\n<p><\/p>\n<p>Nos tomamos muy en serio las infracciones de los derechos de autor. De conformidad con los requisitos de la pol\u00edtica de infractores reincidentes de la Ley de Derechos de Autor del Milenio Digital, mantenemos una lista de notificaciones DMCA de los titulares de derechos de autor y hacemos un esfuerzo de buena fe para identificar a los infractores reincidentes. Las cuentas de los infractores reincidentes ser\u00e1n canceladas.<\/p>\n<p><\/p>\n<p><strong>Derechos de autor para medios de comunicaci\u00f3n (DMCA, GDPR)<\/strong><\/p>\n<p><\/p>\n<p>Todos los medios, incluidos v\u00eddeos, archivos de audio y contenidos generados por IA, est\u00e1n protegidos por las leyes internacionales de derechos de autor. La duplicaci\u00f3n o distribuci\u00f3n no autorizada est\u00e1 estrictamente prohibida y puede dar lugar a acciones legales en virtud de la DMCA.<\/p>\n<p><\/p>\n<p><strong>Propiedad de los contenidos de IA (GDPR, Ley de IA)<\/strong><\/p>\n<p><\/p>\n<p>Los contenidos generados con herramientas de IA son propiedad de Desatranques y limpiezas TRIGOCANO a menos que se acuerde lo contrario. Se proh\u00edbe a los usuarios utilizar los resultados generados por la IA con fines comerciales o de distribuci\u00f3n p\u00fablica sin autorizaci\u00f3n expl\u00edcita.<\/p>\n<p><\/p>\n<p><strong>Modificaciones<\/strong><\/p>\n<p><\/p>\n<p>Nos reservamos el derecho a modificar el contenido de esta p\u00e1gina y su pol\u00edtica de gesti\u00f3n de reclamaciones DMCA en cualquier momento y por cualquier motivo. Le recomendamos que revise esta pol\u00edtica con frecuencia para comprobar si se han producido cambios.<\/p>\n<p><\/p>\n<p><strong>Cont\u00e1ctenos<\/strong><\/p>\n<p><\/p>\n<p>Si tiene alguna pregunta sobre esta Pol\u00edtica de privacidad, p\u00f3ngase en contacto con nosotros en desatranques.trigocano@gmail.com<\/p>\n<p><\/p>\n<hr class=\"wp-block-separator\">\n<p><\/p>\n<p>\u00daltima actualizaci\u00f3n: November 5, 2025<\/p>\n<p><\/p>\t\t\t\t\t\t\t\t<\/div>\n\t\t\t\t<\/div>\n\t\t\t\t<\/div>","protected":false},"excerpt":{"rendered":"<p>Pol\u00edtica de privacidad Bienvenido a https:\/\/desatranquestrigocano.com (el \u00abSitio\u00bb). Respetamos los derechos de propiedad intelectual de los dem\u00e1s del mismo modo que esperamos que los dem\u00e1s respeten nuestros derechos. De conformidad con la Ley de Derechos de Autor del Milenio Digital, T\u00edtulo 17 del C\u00f3digo de los Estados Unidos, Secci\u00f3n 512(c), un propietario de derechos de [&hellip;]<\/p>","protected":false},"author":1,"featured_media":0,"parent":0,"menu_order":0,"comment_status":"closed","ping_status":"closed","template":"","meta":{"_eb_attr":"","footnotes":""},"class_list":["post-705","page","type-page","status-publish","hentry"],"yoast_head":"<!-- This site is optimized with the Yoast SEO plugin v26.5 - https:\/\/yoast.com\/wordpress\/plugins\/seo\/ -->\n<title>Politica de privacidad - Desatranques Trigo Cano<\/title>\n<meta name=\"robots\" content=\"index, follow, max-snippet:-1, max-image-preview:large, max-video-preview:-1\" \/>\n<link rel=\"canonical\" href=\"https:\/\/desatranquestrigocano.com\/en\/politica-de-privacidad-2\/\" \/>\n<meta property=\"og:locale\" content=\"en_GB\" \/>\n<meta property=\"og:type\" content=\"article\" \/>\n<meta property=\"og:title\" content=\"Politica de privacidad - Desatranques Trigo Cano\" \/>\n<meta property=\"og:description\" content=\"Pol\u00edtica de privacidad Bienvenido a https:\/\/desatranquestrigocano.com (el \u00abSitio\u00bb). Respetamos los derechos de propiedad intelectual de los dem\u00e1s del mismo modo que esperamos que los dem\u00e1s respeten nuestros derechos. De conformidad con la Ley de Derechos de Autor del Milenio Digital, T\u00edtulo 17 del C\u00f3digo de los Estados Unidos, Secci\u00f3n 512(c), un propietario de derechos de [&hellip;]\" \/>\n<meta property=\"og:url\" content=\"https:\/\/desatranquestrigocano.com\/en\/politica-de-privacidad-2\/\" \/>\n<meta property=\"og:site_name\" content=\"Desatranques Trigo Cano\" \/>\n<meta property=\"article:modified_time\" content=\"2025-11-24T09:24:39+00:00\" \/>\n<meta name=\"twitter:card\" content=\"summary_large_image\" \/>\n<meta name=\"twitter:label1\" content=\"Estimated reading time\" \/>\n\t<meta name=\"twitter:data1\" content=\"4 minutes\" \/>\n<script type=\"application\/ld+json\" class=\"yoast-schema-graph\">{\"@context\":\"https:\/\/schema.org\",\"@graph\":[{\"@type\":\"WebPage\",\"@id\":\"https:\/\/desatranquestrigocano.com\/politica-de-privacidad-2\/\",\"url\":\"https:\/\/desatranquestrigocano.com\/politica-de-privacidad-2\/\",\"name\":\"Politica de privacidad - Desatranques Trigo Cano\",\"isPartOf\":{\"@id\":\"https:\/\/desatranquestrigocano.com\/#website\"},\"datePublished\":\"2025-11-05T09:37:18+00:00\",\"dateModified\":\"2025-11-24T09:24:39+00:00\",\"breadcrumb\":{\"@id\":\"https:\/\/desatranquestrigocano.com\/politica-de-privacidad-2\/#breadcrumb\"},\"inLanguage\":\"en-GB\",\"potentialAction\":[{\"@type\":\"ReadAction\",\"target\":[\"https:\/\/desatranquestrigocano.com\/politica-de-privacidad-2\/\"]}]},{\"@type\":\"BreadcrumbList\",\"@id\":\"https:\/\/desatranquestrigocano.com\/politica-de-privacidad-2\/#breadcrumb\",\"itemListElement\":[{\"@type\":\"ListItem\",\"position\":1,\"name\":\"Portada\",\"item\":\"https:\/\/desatranquestrigocano.com\/\"},{\"@type\":\"ListItem\",\"position\":2,\"name\":\"Politica de privacidad\"}]},{\"@type\":\"WebSite\",\"@id\":\"https:\/\/desatranquestrigocano.com\/#website\",\"url\":\"https:\/\/desatranquestrigocano.com\/\",\"name\":\"Desatranques Trigo Cano\",\"description\":\"\",\"publisher\":{\"@id\":\"https:\/\/desatranquestrigocano.com\/#organization\"},\"potentialAction\":[{\"@type\":\"SearchAction\",\"target\":{\"@type\":\"EntryPoint\",\"urlTemplate\":\"https:\/\/desatranquestrigocano.com\/?s={search_term_string}\"},\"query-input\":{\"@type\":\"PropertyValueSpecification\",\"valueRequired\":true,\"valueName\":\"search_term_string\"}}],\"inLanguage\":\"en-GB\"},{\"@type\":\"Organization\",\"@id\":\"https:\/\/desatranquestrigocano.com\/#organization\",\"name\":\"Desatranques Trigo Cano\",\"url\":\"https:\/\/desatranquestrigocano.com\/\",\"logo\":{\"@type\":\"ImageObject\",\"inLanguage\":\"en-GB\",\"@id\":\"https:\/\/desatranquestrigocano.com\/#\/schema\/logo\/image\/\",\"url\":\"https:\/\/desatranquestrigocano.com\/wp-content\/uploads\/2025\/10\/cropped-logo_medio-removebg-preview.png\",\"contentUrl\":\"https:\/\/desatranquestrigocano.com\/wp-content\/uploads\/2025\/10\/cropped-logo_medio-removebg-preview.png\",\"width\":313,\"height\":254,\"caption\":\"Desatranques Trigo Cano\"},\"image\":{\"@id\":\"https:\/\/desatranquestrigocano.com\/#\/schema\/logo\/image\/\"}}]}<\/script>\n<!-- \/ Yoast SEO plugin. -->","yoast_head_json":{"title":"Politica de privacidad - Desatranques Trigo Cano","robots":{"index":"index","follow":"follow","max-snippet":"max-snippet:-1","max-image-preview":"max-image-preview:large","max-video-preview":"max-video-preview:-1"},"canonical":"https:\/\/desatranquestrigocano.com\/en\/politica-de-privacidad-2\/","og_locale":"en_GB","og_type":"article","og_title":"Politica de privacidad - Desatranques Trigo Cano","og_description":"Pol\u00edtica de privacidad Bienvenido a https:\/\/desatranquestrigocano.com (el \u00abSitio\u00bb). Respetamos los derechos de propiedad intelectual de los dem\u00e1s del mismo modo que esperamos que los dem\u00e1s respeten nuestros derechos. De conformidad con la Ley de Derechos de Autor del Milenio Digital, T\u00edtulo 17 del C\u00f3digo de los Estados Unidos, Secci\u00f3n 512(c), un propietario de derechos de [&hellip;]","og_url":"https:\/\/desatranquestrigocano.com\/en\/politica-de-privacidad-2\/","og_site_name":"Desatranques Trigo Cano","article_modified_time":"2025-11-24T09:24:39+00:00","twitter_card":"summary_large_image","twitter_misc":{"Estimated reading time":"4 minutes"},"schema":{"@context":"https:\/\/schema.org","@graph":[{"@type":"WebPage","@id":"https:\/\/desatranquestrigocano.com\/politica-de-privacidad-2\/","url":"https:\/\/desatranquestrigocano.com\/politica-de-privacidad-2\/","name":"Politica de privacidad - Desatranques Trigo Cano","isPartOf":{"@id":"https:\/\/desatranquestrigocano.com\/#website"},"datePublished":"2025-11-05T09:37:18+00:00","dateModified":"2025-11-24T09:24:39+00:00","breadcrumb":{"@id":"https:\/\/desatranquestrigocano.com\/politica-de-privacidad-2\/#breadcrumb"},"inLanguage":"en-GB","potentialAction":[{"@type":"ReadAction","target":["https:\/\/desatranquestrigocano.com\/politica-de-privacidad-2\/"]}]},{"@type":"BreadcrumbList","@id":"https:\/\/desatranquestrigocano.com\/politica-de-privacidad-2\/#breadcrumb","itemListElement":[{"@type":"ListItem","position":1,"name":"Portada","item":"https:\/\/desatranquestrigocano.com\/"},{"@type":"ListItem","position":2,"name":"Politica de privacidad"}]},{"@type":"WebSite","@id":"https:\/\/desatranquestrigocano.com\/#website","url":"https:\/\/desatranquestrigocano.com\/","name":"Desatranques Trigo Cano","description":"","publisher":{"@id":"https:\/\/desatranquestrigocano.com\/#organization"},"potentialAction":[{"@type":"SearchAction","target":{"@type":"EntryPoint","urlTemplate":"https:\/\/desatranquestrigocano.com\/?s={search_term_string}"},"query-input":{"@type":"PropertyValueSpecification","valueRequired":true,"valueName":"search_term_string"}}],"inLanguage":"en-GB"},{"@type":"Organization","@id":"https:\/\/desatranquestrigocano.com\/#organization","name":"Desatranques Trigo Cano","url":"https:\/\/desatranquestrigocano.com\/","logo":{"@type":"ImageObject","inLanguage":"en-GB","@id":"https:\/\/desatranquestrigocano.com\/#\/schema\/logo\/image\/","url":"https:\/\/desatranquestrigocano.com\/wp-content\/uploads\/2025\/10\/cropped-logo_medio-removebg-preview.png","contentUrl":"https:\/\/desatranquestrigocano.com\/wp-content\/uploads\/2025\/10\/cropped-logo_medio-removebg-preview.png","width":313,"height":254,"caption":"Desatranques Trigo Cano"},"image":{"@id":"https:\/\/desatranquestrigocano.com\/#\/schema\/logo\/image\/"}}]}},"_links":{"self":[{"href":"https:\/\/desatranquestrigocano.com\/en\/wp-json\/wp\/v2\/pages\/705","targetHints":{"allow":["GET"]}}],"collection":[{"href":"https:\/\/desatranquestrigocano.com\/en\/wp-json\/wp\/v2\/pages"}],"about":[{"href":"https:\/\/desatranquestrigocano.com\/en\/wp-json\/wp\/v2\/types\/page"}],"author":[{"embeddable":true,"href":"https:\/\/desatranquestrigocano.com\/en\/wp-json\/wp\/v2\/users\/1"}],"replies":[{"embeddable":true,"href":"https:\/\/desatranquestrigocano.com\/en\/wp-json\/wp\/v2\/comments?post=705"}],"version-history":[{"count":6,"href":"https:\/\/desatranquestrigocano.com\/en\/wp-json\/wp\/v2\/pages\/705\/revisions"}],"predecessor-version":[{"id":792,"href":"https:\/\/desatranquestrigocano.com\/en\/wp-json\/wp\/v2\/pages\/705\/revisions\/792"}],"wp:attachment":[{"href":"https:\/\/desatranquestrigocano.com\/en\/wp-json\/wp\/v2\/media?parent=705"}],"curies":[{"name":"wp","href":"https:\/\/api.w.org\/{rel}","templated":true}]}}