{"id":762,"date":"2025-11-17T13:17:35","date_gmt":"2025-11-17T13:17:35","guid":{"rendered":"https:\/\/desatranquestrigocano.com\/?page_id=762"},"modified":"2025-11-17T13:25:35","modified_gmt":"2025-11-17T13:25:35","slug":"accesibilidad","status":"publish","type":"page","link":"https:\/\/desatranquestrigocano.com\/en\/accesibilidad\/","title":{"rendered":"Accessibility"},"content":{"rendered":"<div data-elementor-type=\"wp-page\" data-elementor-id=\"762\" class=\"elementor elementor-762\">\n\t\t\t\t<div class=\"elementor-element elementor-element-30172db e-flex e-con-boxed e-con e-parent\" data-id=\"30172db\" data-element_type=\"container\">\n\t\t\t\t\t<div class=\"e-con-inner\">\n\t\t\t\t<div class=\"elementor-element elementor-element-56518da elementor-widget elementor-widget-heading\" data-id=\"56518da\" data-element_type=\"widget\" data-widget_type=\"heading.default\">\n\t\t\t\t\t<h2 class=\"elementor-heading-title elementor-size-default\">Accessibility<\/h2>\t\t\t\t<\/div>\n\t\t\t\t<div class=\"elementor-element elementor-element-44d6b0b elementor-widget elementor-widget-heading\" data-id=\"44d6b0b\" data-element_type=\"widget\" data-widget_type=\"heading.default\">\n\t\t\t\t\t<h2 class=\"elementor-heading-title elementor-size-default\">En Desatranques Trigo Cano estamos firmemente comprometidos con la accesibilidad digital. Nuestro objetivo es que todas las personas, con independencia de sus capacidades, puedan navegar, comprender e interactuar con el contenido de nuestro sitio web <u>desatranquestrigocano.com<\/u> de manera clara, sencilla y sin obst\u00e1culos.<\/h2>\t\t\t\t<\/div>\n\t\t\t\t\t<\/div>\n\t\t\t\t<\/div>\n\t\t<div class=\"elementor-element elementor-element-6215f63 e-flex e-con-boxed e-con e-parent\" data-id=\"6215f63\" data-element_type=\"container\">\n\t\t\t\t\t<div class=\"e-con-inner\">\n\t\t\t\t<div class=\"elementor-element elementor-element-432a87a elementor-widget elementor-widget-heading\" data-id=\"432a87a\" data-element_type=\"widget\" data-widget_type=\"heading.default\">\n\t\t\t\t\t<h2 class=\"elementor-heading-title elementor-size-default\">Accessibility<\/h2>\t\t\t\t<\/div>\n\t\t\t\t<div class=\"elementor-element elementor-element-1d00f47 elementor-widget elementor-widget-heading\" data-id=\"1d00f47\" data-element_type=\"widget\" data-widget_type=\"heading.default\">\n\t\t\t\t\t<h2 class=\"elementor-heading-title elementor-size-default\">La presente declaraci\u00f3n de accesibilidad se aplica al sitio web: https:\/\/desatranquestrigocano.com\n<br><br>\nNos esforzamos por cumplir con los requisitos del Real Decreto 1112\/2018, de 7 de septiembre, sobre accesibilidad de los sitios web y aplicaciones para dispositivos m\u00f3viles del sector p\u00fablico, as\u00ed como con las Pautas de Accesibilidad al Contenido en la Web (WCAG) 2.1, nivel AA, del W3C (World Wide Web Consortium).<br><br>\n\n\nEl sitio est\u00e1 dise\u00f1ado para ser compatible con las tecnolog\u00edas de asistencia actuales y navegadores modernos, respetando la norma UNE-EN 301549:2022, que establece los requisitos funcionales de accesibilidad TIC conforme al marco europeo.<\/h2>\t\t\t\t<\/div>\n\t\t\t\t\t<\/div>\n\t\t\t\t<\/div>\n\t\t<div class=\"elementor-element elementor-element-76bf072 e-flex e-con-boxed e-con e-parent\" data-id=\"76bf072\" data-element_type=\"container\">\n\t\t\t\t\t<div class=\"e-con-inner\">\n\t\t\t\t<div class=\"elementor-element elementor-element-376d81c elementor-widget elementor-widget-heading\" data-id=\"376d81c\" data-element_type=\"widget\" data-widget_type=\"heading.default\">\n\t\t\t\t\t<h2 class=\"elementor-heading-title elementor-size-default\">Medidas adoptadas<\/h2>\t\t\t\t<\/div>\n\t\t\t\t<div class=\"elementor-element elementor-element-6bc2a45 elementor-widget elementor-widget-heading\" data-id=\"6bc2a45\" data-element_type=\"widget\" data-widget_type=\"heading.default\">\n\t\t\t\t\t<h2 class=\"elementor-heading-title elementor-size-default\">En el desarrollo y mantenimiento del sitio web se han adoptado las siguientes medidas: <br> <br>\n\n-Estructura sem\u00e1ntica coherente de encabezados y contenido. <br> <br>\n\n-Navegaci\u00f3n por teclado accesible en todo el sitio.  <br> <br>\n\n-Contrastes adecuados entre texto y fondo.<br> <br>\n\n- Im\u00e1genes relevantes con texto alternativo.<br> <br>\n\n- Formularios correctamente etiquetados.<br> <br>\n\n- Uso de etiquetas ARIA en componentes interactivos. <br> <br>\n\n- Contenido adaptado a dispositivos m\u00f3viles.<br> <br><\/h2>\t\t\t\t<\/div>\n\t\t\t\t\t<\/div>\n\t\t\t\t<\/div>\n\t\t<div class=\"elementor-element elementor-element-eee76b0 e-flex e-con-boxed e-con e-parent\" data-id=\"eee76b0\" data-element_type=\"container\">\n\t\t\t\t\t<div class=\"e-con-inner\">\n\t\t\t\t<div class=\"elementor-element elementor-element-0635603 elementor-widget elementor-widget-heading\" data-id=\"0635603\" data-element_type=\"widget\" data-widget_type=\"heading.default\">\n\t\t\t\t\t<h2 class=\"elementor-heading-title elementor-size-default\">Situaci\u00f3n de cumplimiento<\/h2>\t\t\t\t<\/div>\n\t\t\t\t<div class=\"elementor-element elementor-element-e300a61 elementor-widget elementor-widget-heading\" data-id=\"e300a61\" data-element_type=\"widget\" data-widget_type=\"heading.default\">\n\t\t\t\t\t<h2 class=\"elementor-heading-title elementor-size-default\">Este sitio web es parcialmente conforme con el RD 1112\/2018 debido a la posible existencia de contenidos no accesibles por motivos t\u00e9cnicos o desactualizaciones puntuales. Estamos trabajando activamente para subsanar cualquier posible deficiencia.<\/h2>\t\t\t\t<\/div>\n\t\t\t\t\t<\/div>\n\t\t\t\t<\/div>\n\t\t<div class=\"elementor-element elementor-element-973eba0 e-flex e-con-boxed e-con e-parent\" data-id=\"973eba0\" data-element_type=\"container\">\n\t\t\t\t\t<div class=\"e-con-inner\">\n\t\t\t\t<div class=\"elementor-element elementor-element-c51bbcf elementor-widget elementor-widget-heading\" data-id=\"c51bbcf\" data-element_type=\"widget\" data-widget_type=\"heading.default\">\n\t\t\t\t\t<h2 class=\"elementor-heading-title elementor-size-default\">Observaciones y datos de contacto<\/h2>\t\t\t\t<\/div>\n\t\t\t\t<div class=\"elementor-element elementor-element-ae492bf elementor-widget elementor-widget-heading\" data-id=\"ae492bf\" data-element_type=\"widget\" data-widget_type=\"heading.default\">\n\t\t\t\t\t<h2 class=\"elementor-heading-title elementor-size-default\">Si encuentras barreras de acceso, errores o limitaciones en cualquier secci\u00f3n del sitio web, puedes comunicarlo a trav\u00e9s de los siguientes canales. Valoramos tu colaboraci\u00f3n para mejorar continuamente la accesibilidad: <br><br>\n\n<img decoding=\"async\" role=\"img\" class=\"emoji\" alt=\"\ud83d\udce7\" src=\"https:\/\/s.w.org\/images\/core\/emoji\/16.0.1\/svg\/1f4e7.svg\"> Email: desatranques.trigocano@gmail.com<br><br>\n<img decoding=\"async\" role=\"img\" class=\"emoji\" alt=\"\ud83d\udcde\" src=\"https:\/\/s.w.org\/images\/core\/emoji\/16.0.1\/svg\/1f4de.svg\"> Tel\u00e9fono: +34 636 619 751 <br><br>\nTambi\u00e9n puedes hacernos llegar tus sugerencias, quejas o solicitudes de informaci\u00f3n en formato accesible.<\/h2>\t\t\t\t<\/div>\n\t\t\t\t\t<\/div>\n\t\t\t\t<\/div>\n\t\t<div class=\"elementor-element elementor-element-0836a1a e-flex e-con-boxed e-con e-parent\" data-id=\"0836a1a\" data-element_type=\"container\">\n\t\t\t\t\t<div class=\"e-con-inner\">\n\t\t\t\t<div class=\"elementor-element elementor-element-3dea4f9 elementor-widget elementor-widget-heading\" data-id=\"3dea4f9\" data-element_type=\"widget\" data-widget_type=\"heading.default\">\n\t\t\t\t\t<h2 class=\"elementor-heading-title elementor-size-default\">Procedimiento de reclamaci\u00f3n<\/h2>\t\t\t\t<\/div>\n\t\t\t\t<div class=\"elementor-element elementor-element-3454360 elementor-widget elementor-widget-heading\" data-id=\"3454360\" data-element_type=\"widget\" data-widget_type=\"heading.default\">\n\t\t\t\t\t<h2 class=\"elementor-heading-title elementor-size-default\">Si la respuesta no es satisfactoria o no recibes contestaci\u00f3n en el plazo establecido, puedes presentar una reclamaci\u00f3n formal a trav\u00e9s de la Oficina de Atenci\u00f3n al Usuario en Materia de Accesibilidad del Ministerio de Asuntos Econ\u00f3micos y Transformaci\u00f3n Digital.<\/h2>\t\t\t\t<\/div>\n\t\t\t\t\t<\/div>\n\t\t\t\t<\/div>\n\t\t\t\t<\/div>","protected":false},"excerpt":{"rendered":"<p>Accesibilidad En Desatranques Trigo Cano estamos firmemente comprometidos con la accesibilidad digital. Nuestro objetivo es que todas las personas, con independencia de sus capacidades, puedan navegar, comprender e interactuar con el contenido de nuestro sitio web desatranquestrigocano.com de manera clara, sencilla y sin obst\u00e1culos. Accesibilidad La presente declaraci\u00f3n de accesibilidad se aplica al sitio web: [&hellip;]<\/p>","protected":false},"author":1,"featured_media":0,"parent":0,"menu_order":0,"comment_status":"closed","ping_status":"closed","template":"","meta":{"_eb_attr":"","footnotes":""},"class_list":["post-762","page","type-page","status-publish","hentry"],"yoast_head":"<!-- This site is optimized with the Yoast SEO plugin v26.5 - https:\/\/yoast.com\/wordpress\/plugins\/seo\/ -->\n<title>Accesibilidad - Desatranques Trigo Cano<\/title>\n<meta name=\"robots\" content=\"index, follow, max-snippet:-1, max-image-preview:large, max-video-preview:-1\" \/>\n<link rel=\"canonical\" href=\"https:\/\/desatranquestrigocano.com\/en\/accesibilidad\/\" \/>\n<meta property=\"og:locale\" content=\"en_GB\" \/>\n<meta property=\"og:type\" content=\"article\" \/>\n<meta property=\"og:title\" content=\"Accesibilidad - Desatranques Trigo Cano\" \/>\n<meta property=\"og:description\" content=\"Accesibilidad En Desatranques Trigo Cano estamos firmemente comprometidos con la accesibilidad digital. Nuestro objetivo es que todas las personas, con independencia de sus capacidades, puedan navegar, comprender e interactuar con el contenido de nuestro sitio web desatranquestrigocano.com de manera clara, sencilla y sin obst\u00e1culos. Accesibilidad La presente declaraci\u00f3n de accesibilidad se aplica al sitio web: [&hellip;]\" \/>\n<meta property=\"og:url\" content=\"https:\/\/desatranquestrigocano.com\/en\/accesibilidad\/\" \/>\n<meta property=\"og:site_name\" content=\"Desatranques Trigo Cano\" \/>\n<meta property=\"article:modified_time\" content=\"2025-11-17T13:25:35+00:00\" \/>\n<meta property=\"og:image\" content=\"https:\/\/s.w.org\/images\/core\/emoji\/16.0.1\/svg\/1f4e7.svg\" \/>\n<meta name=\"twitter:card\" content=\"summary_large_image\" \/>\n<meta name=\"twitter:label1\" content=\"Estimated reading time\" \/>\n\t<meta name=\"twitter:data1\" content=\"2 minutes\" \/>\n<script type=\"application\/ld+json\" class=\"yoast-schema-graph\">{\"@context\":\"https:\/\/schema.org\",\"@graph\":[{\"@type\":\"WebPage\",\"@id\":\"https:\/\/desatranquestrigocano.com\/accesibilidad\/\",\"url\":\"https:\/\/desatranquestrigocano.com\/accesibilidad\/\",\"name\":\"Accesibilidad - Desatranques Trigo Cano\",\"isPartOf\":{\"@id\":\"https:\/\/desatranquestrigocano.com\/#website\"},\"primaryImageOfPage\":{\"@id\":\"https:\/\/desatranquestrigocano.com\/accesibilidad\/#primaryimage\"},\"image\":{\"@id\":\"https:\/\/desatranquestrigocano.com\/accesibilidad\/#primaryimage\"},\"thumbnailUrl\":\"https:\/\/s.w.org\/images\/core\/emoji\/16.0.1\/svg\/1f4e7.svg\",\"datePublished\":\"2025-11-17T13:17:35+00:00\",\"dateModified\":\"2025-11-17T13:25:35+00:00\",\"breadcrumb\":{\"@id\":\"https:\/\/desatranquestrigocano.com\/accesibilidad\/#breadcrumb\"},\"inLanguage\":\"en-GB\",\"potentialAction\":[{\"@type\":\"ReadAction\",\"target\":[\"https:\/\/desatranquestrigocano.com\/accesibilidad\/\"]}]},{\"@type\":\"ImageObject\",\"inLanguage\":\"en-GB\",\"@id\":\"https:\/\/desatranquestrigocano.com\/accesibilidad\/#primaryimage\",\"url\":\"https:\/\/s.w.org\/images\/core\/emoji\/16.0.1\/svg\/1f4e7.svg\",\"contentUrl\":\"https:\/\/s.w.org\/images\/core\/emoji\/16.0.1\/svg\/1f4e7.svg\"},{\"@type\":\"BreadcrumbList\",\"@id\":\"https:\/\/desatranquestrigocano.com\/accesibilidad\/#breadcrumb\",\"itemListElement\":[{\"@type\":\"ListItem\",\"position\":1,\"name\":\"Portada\",\"item\":\"https:\/\/desatranquestrigocano.com\/\"},{\"@type\":\"ListItem\",\"position\":2,\"name\":\"Accesibilidad\"}]},{\"@type\":\"WebSite\",\"@id\":\"https:\/\/desatranquestrigocano.com\/#website\",\"url\":\"https:\/\/desatranquestrigocano.com\/\",\"name\":\"Desatranques Trigo Cano\",\"description\":\"\",\"publisher\":{\"@id\":\"https:\/\/desatranquestrigocano.com\/#organization\"},\"potentialAction\":[{\"@type\":\"SearchAction\",\"target\":{\"@type\":\"EntryPoint\",\"urlTemplate\":\"https:\/\/desatranquestrigocano.com\/?s={search_term_string}\"},\"query-input\":{\"@type\":\"PropertyValueSpecification\",\"valueRequired\":true,\"valueName\":\"search_term_string\"}}],\"inLanguage\":\"en-GB\"},{\"@type\":\"Organization\",\"@id\":\"https:\/\/desatranquestrigocano.com\/#organization\",\"name\":\"Desatranques Trigo Cano\",\"url\":\"https:\/\/desatranquestrigocano.com\/\",\"logo\":{\"@type\":\"ImageObject\",\"inLanguage\":\"en-GB\",\"@id\":\"https:\/\/desatranquestrigocano.com\/#\/schema\/logo\/image\/\",\"url\":\"https:\/\/desatranquestrigocano.com\/wp-content\/uploads\/2025\/10\/cropped-logo_medio-removebg-preview.png\",\"contentUrl\":\"https:\/\/desatranquestrigocano.com\/wp-content\/uploads\/2025\/10\/cropped-logo_medio-removebg-preview.png\",\"width\":313,\"height\":254,\"caption\":\"Desatranques Trigo Cano\"},\"image\":{\"@id\":\"https:\/\/desatranquestrigocano.com\/#\/schema\/logo\/image\/\"}}]}<\/script>\n<!-- \/ Yoast SEO plugin. -->","yoast_head_json":{"title":"Accesibilidad - Desatranques Trigo Cano","robots":{"index":"index","follow":"follow","max-snippet":"max-snippet:-1","max-image-preview":"max-image-preview:large","max-video-preview":"max-video-preview:-1"},"canonical":"https:\/\/desatranquestrigocano.com\/en\/accesibilidad\/","og_locale":"en_GB","og_type":"article","og_title":"Accesibilidad - Desatranques Trigo Cano","og_description":"Accesibilidad En Desatranques Trigo Cano estamos firmemente comprometidos con la accesibilidad digital. Nuestro objetivo es que todas las personas, con independencia de sus capacidades, puedan navegar, comprender e interactuar con el contenido de nuestro sitio web desatranquestrigocano.com de manera clara, sencilla y sin obst\u00e1culos. Accesibilidad La presente declaraci\u00f3n de accesibilidad se aplica al sitio web: [&hellip;]","og_url":"https:\/\/desatranquestrigocano.com\/en\/accesibilidad\/","og_site_name":"Desatranques Trigo Cano","article_modified_time":"2025-11-17T13:25:35+00:00","og_image":[{"url":"https:\/\/s.w.org\/images\/core\/emoji\/16.0.1\/svg\/1f4e7.svg","type":"","width":"","height":""}],"twitter_card":"summary_large_image","twitter_misc":{"Estimated reading time":"2 minutes"},"schema":{"@context":"https:\/\/schema.org","@graph":[{"@type":"WebPage","@id":"https:\/\/desatranquestrigocano.com\/accesibilidad\/","url":"https:\/\/desatranquestrigocano.com\/accesibilidad\/","name":"Accesibilidad - Desatranques Trigo Cano","isPartOf":{"@id":"https:\/\/desatranquestrigocano.com\/#website"},"primaryImageOfPage":{"@id":"https:\/\/desatranquestrigocano.com\/accesibilidad\/#primaryimage"},"image":{"@id":"https:\/\/desatranquestrigocano.com\/accesibilidad\/#primaryimage"},"thumbnailUrl":"https:\/\/s.w.org\/images\/core\/emoji\/16.0.1\/svg\/1f4e7.svg","datePublished":"2025-11-17T13:17:35+00:00","dateModified":"2025-11-17T13:25:35+00:00","breadcrumb":{"@id":"https:\/\/desatranquestrigocano.com\/accesibilidad\/#breadcrumb"},"inLanguage":"en-GB","potentialAction":[{"@type":"ReadAction","target":["https:\/\/desatranquestrigocano.com\/accesibilidad\/"]}]},{"@type":"ImageObject","inLanguage":"en-GB","@id":"https:\/\/desatranquestrigocano.com\/accesibilidad\/#primaryimage","url":"https:\/\/s.w.org\/images\/core\/emoji\/16.0.1\/svg\/1f4e7.svg","contentUrl":"https:\/\/s.w.org\/images\/core\/emoji\/16.0.1\/svg\/1f4e7.svg"},{"@type":"BreadcrumbList","@id":"https:\/\/desatranquestrigocano.com\/accesibilidad\/#breadcrumb","itemListElement":[{"@type":"ListItem","position":1,"name":"Portada","item":"https:\/\/desatranquestrigocano.com\/"},{"@type":"ListItem","position":2,"name":"Accesibilidad"}]},{"@type":"WebSite","@id":"https:\/\/desatranquestrigocano.com\/#website","url":"https:\/\/desatranquestrigocano.com\/","name":"Desatranques Trigo Cano","description":"","publisher":{"@id":"https:\/\/desatranquestrigocano.com\/#organization"},"potentialAction":[{"@type":"SearchAction","target":{"@type":"EntryPoint","urlTemplate":"https:\/\/desatranquestrigocano.com\/?s={search_term_string}"},"query-input":{"@type":"PropertyValueSpecification","valueRequired":true,"valueName":"search_term_string"}}],"inLanguage":"en-GB"},{"@type":"Organization","@id":"https:\/\/desatranquestrigocano.com\/#organization","name":"Desatranques Trigo Cano","url":"https:\/\/desatranquestrigocano.com\/","logo":{"@type":"ImageObject","inLanguage":"en-GB","@id":"https:\/\/desatranquestrigocano.com\/#\/schema\/logo\/image\/","url":"https:\/\/desatranquestrigocano.com\/wp-content\/uploads\/2025\/10\/cropped-logo_medio-removebg-preview.png","contentUrl":"https:\/\/desatranquestrigocano.com\/wp-content\/uploads\/2025\/10\/cropped-logo_medio-removebg-preview.png","width":313,"height":254,"caption":"Desatranques Trigo Cano"},"image":{"@id":"https:\/\/desatranquestrigocano.com\/#\/schema\/logo\/image\/"}}]}},"_links":{"self":[{"href":"https:\/\/desatranquestrigocano.com\/en\/wp-json\/wp\/v2\/pages\/762","targetHints":{"allow":["GET"]}}],"collection":[{"href":"https:\/\/desatranquestrigocano.com\/en\/wp-json\/wp\/v2\/pages"}],"about":[{"href":"https:\/\/desatranquestrigocano.com\/en\/wp-json\/wp\/v2\/types\/page"}],"author":[{"embeddable":true,"href":"https:\/\/desatranquestrigocano.com\/en\/wp-json\/wp\/v2\/users\/1"}],"replies":[{"embeddable":true,"href":"https:\/\/desatranquestrigocano.com\/en\/wp-json\/wp\/v2\/comments?post=762"}],"version-history":[{"count":9,"href":"https:\/\/desatranquestrigocano.com\/en\/wp-json\/wp\/v2\/pages\/762\/revisions"}],"predecessor-version":[{"id":774,"href":"https:\/\/desatranquestrigocano.com\/en\/wp-json\/wp\/v2\/pages\/762\/revisions\/774"}],"wp:attachment":[{"href":"https:\/\/desatranquestrigocano.com\/en\/wp-json\/wp\/v2\/media?parent=762"}],"curies":[{"name":"wp","href":"https:\/\/api.w.org\/{rel}","templated":true}]}}